{"id":2856,"date":"2018-10-10T07:19:55","date_gmt":"2018-10-10T07:19:55","guid":{"rendered":"http:\/\/logichunt.net\/demo\/wordpress\/emeet\/?page_id=2856"},"modified":"2023-10-25T17:14:19","modified_gmt":"2023-10-25T20:14:19","slug":"about-us","status":"publish","type":"page","link":"https:\/\/credito2023.cooptalks.com.br\/index.php\/about-us\/","title":{"rendered":"Speakers"},"content":{"rendered":"[vc_row full_width=&#8221;stretch_row_content&#8221; enable_full_screen=&#8221;yes&#8221; css=&#8221;.vc_custom_1539156927530{background-image: url(https:\/\/credito2023.cooptalks.com.br\/wp-content\/uploads\/2018\/10\/parallax-center-min-1.png?id=2653) !important;background-position: center !important;background-repeat: no-repeat !important;background-size: cover !important;}&#8221; el_class=&#8221;lgx-inner&#8221;][vc_column][vc_row_inner][vc_column_inner]<div class=\"lgx-heading  \" >\r\n                    <h2 class=\"heading\">4\u00aa EDI\u00c7\u00c3O COOPTALKS CR\u00c9DITO<\/h2>\r\n                    <h3 class=\"subheading\">VAMOS JUNTOS FORTALECER E EXPANDIR OS PRINC\u00cdPIOS COOPERATIVISTAS<\/h3>              \r\n              <\/div>[\/vc_column_inner][\/vc_row_inner][vc_row_inner][vc_column_inner offset=&#8221;vc_col-lg-4 vc_col-md-6&#8243;]\r\n\r\n    <div class=\"lgx-single-speaker lgx-single-speaker-default \">\r\n        <figure>\r\n            <a class=\"profile-img\" href=\"https:\/\/credito2023.cooptalks.com.br\/index.php\/speaker\/katie-pugh\/\">\r\n                <img src=\"https:\/\/credito2023.cooptalks.com.br\/wp-content\/uploads\/2018\/09\/LUIS-ARTUR-NOGUEIRA.png\" alt=\"LUIS ARTUR NOGUEIRA\"\/>\r\n            <\/a>\r\n\r\n            <figcaption>\r\n                <div class=\"social-group\">\r\n                                                                                <a class=\"sp-in\" href=\"http:\/\/linkedin.com\/in\/luisarturnogueira\"><i class=\"fa fa-linkedin\"><\/i><\/a>                                                                            <\/div>\r\n                <div class=\"speaker-info\">\r\n                    <h3 class=\"title\"><a href=\"https:\/\/credito2023.cooptalks.com.br\/index.php\/speaker\/katie-pugh\/\">LUIS ARTUR NOGUEIRA<\/a><\/h3>\r\n                    <h4 class=\"subtitle\">Economista<\/h4>                <\/div>\r\n            <\/figcaption>\r\n        <\/figure>\r\n    <\/div>\r\n\r\n\r\n\r\n    [\/vc_column_inner][vc_column_inner offset=&#8221;vc_col-lg-4 vc_col-md-6&#8243;]\r\n\r\n    <div class=\"lgx-single-speaker lgx-single-speaker-default \">\r\n        <figure>\r\n            <a class=\"profile-img\" href=\"https:\/\/credito2023.cooptalks.com.br\/index.php\/speaker\/marcio-alexandre\/\">\r\n                <img src=\"https:\/\/credito2023.cooptalks.com.br\/wp-content\/uploads\/2023\/10\/MARCIO-ALEXANDRE.jpg\" alt=\"M\u00c1RCIO ALEXANDRE\"\/>\r\n            <\/a>\r\n\r\n            <figcaption>\r\n                <div class=\"social-group\">\r\n                                                                                <a class=\"sp-in\" href=\"http:\/\/linkedin.com\/in\/marcioamr\"><i class=\"fa fa-linkedin\"><\/i><\/a>                                                                            <\/div>\r\n                <div class=\"speaker-info\">\r\n                    <h3 class=\"title\"><a href=\"https:\/\/credito2023.cooptalks.com.br\/index.php\/speaker\/marcio-alexandre\/\">M\u00c1RCIO ALEXANDRE<\/a><\/h3>\r\n                    <h4 class=\"subtitle\">superintendente de Arquitetura e Governan\u00e7a de TI do Sicoob<\/h4>                <\/div>\r\n            <\/figcaption>\r\n        <\/figure>\r\n    <\/div>\r\n\r\n\r\n\r\n    [\/vc_column_inner][vc_column_inner offset=&#8221;vc_col-lg-4 vc_col-md-6&#8243;]\r\n\r\n    <div class=\"lgx-single-speaker lgx-single-speaker-default \">\r\n        <figure>\r\n            <a class=\"profile-img\" href=\"https:\/\/credito2023.cooptalks.com.br\/index.php\/speaker\/solange-parisoto\/\">\r\n                <img src=\"https:\/\/credito2023.cooptalks.com.br\/wp-content\/uploads\/2023\/09\/SOLANGE-PARISOTTO.png\" alt=\"SOLANGE PARISOTO\"\/>\r\n            <\/a>\r\n\r\n            <figcaption>\r\n                <div class=\"social-group\">\r\n                                                                                                                                                            <\/div>\r\n                <div class=\"speaker-info\">\r\n                    <h3 class=\"title\"><a href=\"https:\/\/credito2023.cooptalks.com.br\/index.php\/speaker\/solange-parisoto\/\">SOLANGE PARISOTO<\/a><\/h3>\r\n                    <h4 class=\"subtitle\">Consultora digital Sicredi<\/h4>                <\/div>\r\n            <\/figcaption>\r\n        <\/figure>\r\n    <\/div>\r\n\r\n\r\n\r\n    [\/vc_column_inner][vc_column_inner offset=&#8221;vc_col-lg-4 vc_col-md-6&#8243;]\r\n\r\n    <div class=\"lgx-single-speaker lgx-single-speaker-default \">\r\n        <figure>\r\n            <a class=\"profile-img\" href=\"https:\/\/credito2023.cooptalks.com.br\/index.php\/speaker\/marcio-andre-falcao\/\">\r\n                <img src=\"https:\/\/credito2023.cooptalks.com.br\/wp-content\/uploads\/2023\/10\/MARCIO-ANDRE-FALCAO-2.jpg\" alt=\"M\u00c1RCIO FALC\u00c3O\"\/>\r\n            <\/a>\r\n\r\n            <figcaption>\r\n                <div class=\"social-group\">\r\n                                                                                <a class=\"sp-in\" href=\"http:\/\/linkedin.com\/in\/marcio-andre-falcao-0359a032\"><i class=\"fa fa-linkedin\"><\/i><\/a>                                                                            <\/div>\r\n                <div class=\"speaker-info\">\r\n                    <h3 class=\"title\"><a href=\"https:\/\/credito2023.cooptalks.com.br\/index.php\/speaker\/marcio-andre-falcao\/\">M\u00c1RCIO FALC\u00c3O<\/a><\/h3>\r\n                    <h4 class=\"subtitle\">Diretor de tecnologia Cresol Confedera\u00e7\u00e3o<\/h4>                <\/div>\r\n            <\/figcaption>\r\n        <\/figure>\r\n    <\/div>\r\n\r\n\r\n\r\n    [\/vc_column_inner][vc_column_inner offset=&#8221;vc_col-lg-4 vc_col-md-6&#8243;]\r\n\r\n    <div class=\"lgx-single-speaker lgx-single-speaker-default \">\r\n        <figure>\r\n            <a class=\"profile-img\" href=\"https:\/\/credito2023.cooptalks.com.br\/index.php\/speaker\/william-k-jones\/\">\r\n                <img src=\"https:\/\/credito2023.cooptalks.com.br\/wp-content\/uploads\/2018\/07\/VOLMAR-MACHADO.png\" alt=\"VOLMAR MACHADO\"\/>\r\n            <\/a>\r\n\r\n            <figcaption>\r\n                <div class=\"social-group\">\r\n                                                                                <a class=\"sp-in\" href=\"http:\/\/linkedin.com\/in\/volmar-machado\"><i class=\"fa fa-linkedin\"><\/i><\/a>                                                                            <\/div>\r\n                <div class=\"speaker-info\">\r\n                    <h3 class=\"title\"><a href=\"https:\/\/credito2023.cooptalks.com.br\/index.php\/speaker\/william-k-jones\/\">VOLMAR MACHADO<\/a><\/h3>\r\n                    <h4 class=\"subtitle\">Especialista em inova\u00e7\u00e3o, mentor e Conselheiro<\/h4>                <\/div>\r\n            <\/figcaption>\r\n        <\/figure>\r\n    <\/div>\r\n\r\n\r\n\r\n    [\/vc_column_inner][vc_column_inner offset=&#8221;vc_col-lg-4 vc_col-md-6&#8243;]\r\n\r\n    <div class=\"lgx-single-speaker lgx-single-speaker-default \">\r\n        <figure>\r\n            <a class=\"profile-img\" href=\"https:\/\/credito2023.cooptalks.com.br\/index.php\/speaker\/rafael-soares\/\">\r\n                <img src=\"https:\/\/credito2023.cooptalks.com.br\/wp-content\/uploads\/2023\/10\/RAFAEL-SOARES2.jpg\" alt=\"RAFAEL SOARES\"\/>\r\n            <\/a>\r\n\r\n            <figcaption>\r\n                <div class=\"social-group\">\r\n                                                                                <a class=\"sp-in\" href=\"http:\/\/linkedin.com\/in\/rafael-soares-042284\"><i class=\"fa fa-linkedin\"><\/i><\/a>                                                                            <\/div>\r\n                <div class=\"speaker-info\">\r\n                    <h3 class=\"title\"><a href=\"https:\/\/credito2023.cooptalks.com.br\/index.php\/speaker\/rafael-soares\/\">RAFAEL SOARES<\/a><\/h3>\r\n                    <h4 class=\"subtitle\">CRO na Jeitto<\/h4>                <\/div>\r\n            <\/figcaption>\r\n        <\/figure>\r\n    <\/div>\r\n\r\n\r\n\r\n    [\/vc_column_inner][\/vc_row_inner][vc_row_inner][vc_column_inner offset=&#8221;vc_col-lg-4 vc_col-md-6&#8243;]\r\n\r\n    <div class=\"lgx-single-speaker lgx-single-speaker-default \">\r\n        <figure>\r\n            <a class=\"profile-img\" href=\"https:\/\/credito2023.cooptalks.com.br\/index.php\/speaker\/ricardo-wodianer\/\">\r\n                <img src=\"https:\/\/credito2023.cooptalks.com.br\/wp-content\/uploads\/2023\/10\/Ricardo-Wodianer-.jpg\" alt=\"RICARDO WODIANER\"\/>\r\n            <\/a>\r\n\r\n            <figcaption>\r\n                <div class=\"social-group\">\r\n                                                                                <a class=\"sp-in\" href=\"https:\/\/www.linkedin.com\/in\/ricardowodianer\/\"><i class=\"fa fa-linkedin\"><\/i><\/a>                                                                            <\/div>\r\n                <div class=\"speaker-info\">\r\n                    <h3 class=\"title\"><a href=\"https:\/\/credito2023.cooptalks.com.br\/index.php\/speaker\/ricardo-wodianer\/\">RICARDO WODIANER<\/a><\/h3>\r\n                    <h4 class=\"subtitle\">Consultor Senior de Solu\u00e7\u00f5es para Am\u00e9rica Latina na Provenir<\/h4>                <\/div>\r\n            <\/figcaption>\r\n        <\/figure>\r\n    <\/div>\r\n\r\n\r\n\r\n    [\/vc_column_inner][vc_column_inner offset=&#8221;vc_col-lg-4 vc_col-md-6&#8243;]\r\n\r\n    <div class=\"lgx-single-speaker lgx-single-speaker-default \">\r\n        <figure>\r\n            <a class=\"profile-img\" href=\"https:\/\/credito2023.cooptalks.com.br\/index.php\/speaker\/rafael-caetano\/\">\r\n                <img src=\"https:\/\/credito2023.cooptalks.com.br\/wp-content\/uploads\/2023\/09\/RAFAEL-CAETANO.png\" alt=\"RAFAEL CAETANO\"\/>\r\n            <\/a>\r\n\r\n            <figcaption>\r\n                <div class=\"social-group\">\r\n                                                                                <a class=\"sp-in\" href=\"https:\/\/www.linkedin.com\/in\/rafael-caetano-3174481\/\"><i class=\"fa fa-linkedin\"><\/i><\/a>                                                                            <\/div>\r\n                <div class=\"speaker-info\">\r\n                    <h3 class=\"title\"><a href=\"https:\/\/credito2023.cooptalks.com.br\/index.php\/speaker\/rafael-caetano\/\">RAFAEL CAETANO<\/a><\/h3>\r\n                    <h4 class=\"subtitle\">S\u00f3cio e CSO da Zxperience, consultoria de Customer Experience<\/h4>                <\/div>\r\n            <\/figcaption>\r\n        <\/figure>\r\n    <\/div>\r\n\r\n\r\n\r\n    [\/vc_column_inner][vc_column_inner offset=&#8221;vc_col-lg-4 vc_col-md-6&#8243;]\r\n\r\n    <div class=\"lgx-single-speaker lgx-single-speaker-default \">\r\n        <figure>\r\n            <a class=\"profile-img\" href=\"https:\/\/credito2023.cooptalks.com.br\/index.php\/speaker\/sergio-constantini\/\">\r\n                <img src=\"https:\/\/credito2023.cooptalks.com.br\/wp-content\/uploads\/2023\/10\/SERGIO-CONSTATNTINI.jpg\" alt=\"SERGIO CONSTANTINI\"\/>\r\n            <\/a>\r\n\r\n            <figcaption>\r\n                <div class=\"social-group\">\r\n                                                                                                                                                            <\/div>\r\n                <div class=\"speaker-info\">\r\n                    <h3 class=\"title\"><a href=\"https:\/\/credito2023.cooptalks.com.br\/index.php\/speaker\/sergio-constantini\/\">SERGIO CONSTANTINI<\/a><\/h3>\r\n                    <h4 class=\"subtitle\">Executivo do mercado financeiro<\/h4>                <\/div>\r\n            <\/figcaption>\r\n        <\/figure>\r\n    <\/div>\r\n\r\n\r\n\r\n    [\/vc_column_inner][vc_column_inner offset=&#8221;vc_col-lg-4 vc_col-md-6&#8243;]\r\n\r\n    <div class=\"lgx-single-speaker lgx-single-speaker-default \">\r\n        <figure>\r\n            <a class=\"profile-img\" href=\"https:\/\/credito2023.cooptalks.com.br\/index.php\/speaker\/ademar-schardong\/\">\r\n                <img src=\"https:\/\/credito2023.cooptalks.com.br\/wp-content\/uploads\/2023\/09\/Ademar-Schardong-.png\" alt=\"ADEMAR SCHARDONG\"\/>\r\n            <\/a>\r\n\r\n            <figcaption>\r\n                <div class=\"social-group\">\r\n                                                                                <a class=\"sp-in\" href=\"http:\/\/linkedin.com\/in\/ademar-schardong-a55453120\"><i class=\"fa fa-linkedin\"><\/i><\/a>                                                                            <\/div>\r\n                <div class=\"speaker-info\">\r\n                    <h3 class=\"title\"><a href=\"https:\/\/credito2023.cooptalks.com.br\/index.php\/speaker\/ademar-schardong\/\">ADEMAR SCHARDONG<\/a><\/h3>\r\n                    <h4 class=\"subtitle\">Longevisar Consultoria Empresarial<\/h4>                <\/div>\r\n            <\/figcaption>\r\n        <\/figure>\r\n    <\/div>\r\n\r\n\r\n\r\n    [\/vc_column_inner][vc_column_inner offset=&#8221;vc_col-lg-4 vc_col-md-6&#8243;]\r\n\r\n    <div class=\"lgx-single-speaker lgx-single-speaker-default \">\r\n        <figure>\r\n            <a class=\"profile-img\" href=\"https:\/\/credito2023.cooptalks.com.br\/index.php\/speaker\/frank-s-rogers\/\">\r\n                <img src=\"https:\/\/credito2023.cooptalks.com.br\/wp-content\/uploads\/2018\/07\/ELISA-SIMAO.png\" alt=\"ELISA SIM\u00c3O\"\/>\r\n            <\/a>\r\n\r\n            <figcaption>\r\n                <div class=\"social-group\">\r\n                                                                                                                                                            <\/div>\r\n                <div class=\"speaker-info\">\r\n                    <h3 class=\"title\"><a href=\"https:\/\/credito2023.cooptalks.com.br\/index.php\/speaker\/frank-s-rogers\/\">ELISA SIM\u00c3O<\/a><\/h3>\r\n                    <h4 class=\"subtitle\">S\u00f3cia da PWC Brasil e L\u00edder do Centro de Excel\u00eancia para Cooperativas de Cr\u00e9dito<\/h4>                <\/div>\r\n            <\/figcaption>\r\n        <\/figure>\r\n    <\/div>\r\n\r\n\r\n\r\n    [\/vc_column_inner][vc_column_inner offset=&#8221;vc_col-lg-4 vc_col-md-6&#8243;]\r\n\r\n    <div class=\"lgx-single-speaker lgx-single-speaker-default \">\r\n        <figure>\r\n            <a class=\"profile-img\" href=\"https:\/\/credito2023.cooptalks.com.br\/index.php\/speaker\/lola-brisbane\/\">\r\n                <img src=\"https:\/\/credito2023.cooptalks.com.br\/wp-content\/uploads\/2018\/07\/MARCIO-NAMI.png\" alt=\"MARCIO NAMI\"\/>\r\n            <\/a>\r\n\r\n            <figcaption>\r\n                <div class=\"social-group\">\r\n                                                                                                                                                            <\/div>\r\n                <div class=\"speaker-info\">\r\n                    <h3 class=\"title\"><a href=\"https:\/\/credito2023.cooptalks.com.br\/index.php\/speaker\/lola-brisbane\/\">MARCIO NAMI<\/a><\/h3>\r\n                    <h4 class=\"subtitle\">Economista Comportamental<\/h4>                <\/div>\r\n            <\/figcaption>\r\n        <\/figure>\r\n    <\/div>\r\n\r\n\r\n\r\n    [\/vc_column_inner][\/vc_row_inner][vc_row_inner][vc_column_inner offset=&#8221;vc_col-lg-4 vc_col-md-6&#8243;]\r\n\r\n    <div class=\"lgx-single-speaker lgx-single-speaker-default \">\r\n        <figure>\r\n            <a class=\"profile-img\" href=\"https:\/\/credito2023.cooptalks.com.br\/index.php\/speaker\/kasuo-yassaka\/\">\r\n                <img src=\"https:\/\/credito2023.cooptalks.com.br\/wp-content\/uploads\/2023\/10\/KAZUO-YASSAKA-NOVA.jpg\" alt=\"KASUO YASSAKA\"\/>\r\n            <\/a>\r\n\r\n            <figcaption>\r\n                <div class=\"social-group\">\r\n                                                                                                                                                            <\/div>\r\n                <div class=\"speaker-info\">\r\n                    <h3 class=\"title\"><a href=\"https:\/\/credito2023.cooptalks.com.br\/index.php\/speaker\/kasuo-yassaka\/\">KASUO YASSAKA<\/a><\/h3>\r\n                    <h4 class=\"subtitle\">S\u00f3cio fundador da Yassaka Educa\u00e7\u00e3o Comercial<\/h4>                <\/div>\r\n            <\/figcaption>\r\n        <\/figure>\r\n    <\/div>\r\n\r\n\r\n\r\n    [\/vc_column_inner][vc_column_inner offset=&#8221;vc_col-lg-4 vc_col-md-6&#8243;]\r\n\r\n    <div class=\"lgx-single-speaker lgx-single-speaker-default \">\r\n        <figure>\r\n            <a class=\"profile-img\" href=\"https:\/\/credito2023.cooptalks.com.br\/index.php\/speaker\/diogo-anderson-angioleti\/\">\r\n                <img src=\"https:\/\/credito2023.cooptalks.com.br\/wp-content\/uploads\/2023\/09\/Diogo-Anderson-Angioleti.png\" alt=\"DIOGO ANGIOLETI\"\/>\r\n            <\/a>\r\n\r\n            <figcaption>\r\n                <div class=\"social-group\">\r\n                                                                                <a class=\"sp-in\" href=\"http:\/\/linkedin.com\/in\/diogo-anderson-angioleti\"><i class=\"fa fa-linkedin\"><\/i><\/a>                                                                            <\/div>\r\n                <div class=\"speaker-info\">\r\n                    <h3 class=\"title\"><a href=\"https:\/\/credito2023.cooptalks.com.br\/index.php\/speaker\/diogo-anderson-angioleti\/\">DIOGO ANGIOLETI<\/a><\/h3>\r\n                    <h4 class=\"subtitle\">especialista em finan\u00e7as e comportamento do Sistema Ailos<\/h4>                <\/div>\r\n            <\/figcaption>\r\n        <\/figure>\r\n    <\/div>\r\n\r\n\r\n\r\n    [\/vc_column_inner][vc_column_inner offset=&#8221;vc_col-lg-4 vc_col-md-6&#8243;]\r\n\r\n    <div class=\"lgx-single-speaker lgx-single-speaker-default \">\r\n        <figure>\r\n            <a class=\"profile-img\" href=\"https:\/\/credito2023.cooptalks.com.br\/index.php\/speaker\/bruno-diniz\/\">\r\n                <img src=\"https:\/\/credito2023.cooptalks.com.br\/wp-content\/uploads\/2023\/09\/DOUGLAS-FERREIRA.png\" alt=\"DOUGLAS FERREIRA\"\/>\r\n            <\/a>\r\n\r\n            <figcaption>\r\n                <div class=\"social-group\">\r\n                                                                                                                                                            <\/div>\r\n                <div class=\"speaker-info\">\r\n                    <h3 class=\"title\"><a href=\"https:\/\/credito2023.cooptalks.com.br\/index.php\/speaker\/bruno-diniz\/\">DOUGLAS FERREIRA<\/a><\/h3>\r\n                    <h4 class=\"subtitle\">Diretor de MundoCoop<\/h4>                <\/div>\r\n            <\/figcaption>\r\n        <\/figure>\r\n    <\/div>\r\n\r\n\r\n\r\n    [\/vc_column_inner][\/vc_row_inner][vc_empty_space]<div class=\"lgx-brand-btn-area text-center\">\r\n                    <a class=\"lgx-btn lgx-btn-big  lgx-btn-brand\" href=\"https:\/\/live.cooptalks.com.br\/\" target=\"_blank\"><span>FA\u00c7A SUA INSCRI\u00c7\u00c3O<\/span><\/a>\r\n                    \r\n               \r\n                <\/div>[\/vc_column][\/vc_row]\n","protected":false},"excerpt":{"rendered":"<p>[vc_row full_width=&#8221;stretch_row_content&#8221; enable_full_screen=&#8221;yes&#8221; css=&#8221;.vc_custom_1539156927530{background-image: url(https:\/\/credito2023.cooptalks.com.br\/wp-content\/uploads\/2018\/10\/parallax-center-min-1.png?id=2653) !important;background-position: center !important;background-repeat: no-repeat !important;background-size: cover !important;}&#8221; el_class=&#8221;lgx-inner&#8221;][vc_column][vc_row_inner][vc_column_inner][\/vc_column_inner][\/vc_row_inner][vc_row_inner][vc_column_inner offset=&#8221;vc_col-lg-4 vc_col-md-6&#8243;][\/vc_column_inner][vc_column_inner offset=&#8221;vc_col-lg-4 vc_col-md-6&#8243;][\/vc_column_inner][vc_column_inner offset=&#8221;vc_col-lg-4 vc_col-md-6&#8243;][\/vc_column_inner][vc_column_inner offset=&#8221;vc_col-lg-4 vc_col-md-6&#8243;][\/vc_column_inner][vc_column_inner offset=&#8221;vc_col-lg-4 vc_col-md-6&#8243;][\/vc_column_inner][vc_column_inner offset=&#8221;vc_col-lg-4 vc_col-md-6&#8243;][\/vc_column_inner][\/vc_row_inner][vc_row_inner][vc_column_inner offset=&#8221;vc_col-lg-4 vc_col-md-6&#8243;][\/vc_column_inner][vc_column_inner offset=&#8221;vc_col-lg-4 vc_col-md-6&#8243;][\/vc_column_inner][vc_column_inner offset=&#8221;vc_col-lg-4 vc_col-md-6&#8243;][\/vc_column_inner][vc_column_inner offset=&#8221;vc_col-lg-4 vc_col-md-6&#8243;][\/vc_column_inner][vc_column_inner offset=&#8221;vc_col-lg-4 vc_col-md-6&#8243;][\/vc_column_inner][vc_column_inner offset=&#8221;vc_col-lg-4 vc_col-md-6&#8243;][\/vc_column_inner][\/vc_row_inner][vc_row_inner][vc_column_inner offset=&#8221;vc_col-lg-4 vc_col-md-6&#8243;][\/vc_column_inner][vc_column_inner offset=&#8221;vc_col-lg-4 vc_col-md-6&#8243;][\/vc_column_inner][vc_column_inner offset=&#8221;vc_col-lg-4 vc_col-md-6&#8243;][\/vc_column_inner][\/vc_row_inner][vc_empty_space][\/vc_column][\/vc_row]<\/p>\n","protected":false},"author":1,"featured_media":0,"parent":0,"menu_order":0,"comment_status":"closed","ping_status":"closed","template":"","meta":{"footnotes":""},"_links":{"self":[{"href":"https:\/\/credito2023.cooptalks.com.br\/index.php\/wp-json\/wp\/v2\/pages\/2856"}],"collection":[{"href":"https:\/\/credito2023.cooptalks.com.br\/index.php\/wp-json\/wp\/v2\/pages"}],"about":[{"href":"https:\/\/credito2023.cooptalks.com.br\/index.php\/wp-json\/wp\/v2\/types\/page"}],"author":[{"embeddable":true,"href":"https:\/\/credito2023.cooptalks.com.br\/index.php\/wp-json\/wp\/v2\/users\/1"}],"replies":[{"embeddable":true,"href":"https:\/\/credito2023.cooptalks.com.br\/index.php\/wp-json\/wp\/v2\/comments?post=2856"}],"version-history":[{"count":19,"href":"https:\/\/credito2023.cooptalks.com.br\/index.php\/wp-json\/wp\/v2\/pages\/2856\/revisions"}],"predecessor-version":[{"id":4396,"href":"https:\/\/credito2023.cooptalks.com.br\/index.php\/wp-json\/wp\/v2\/pages\/2856\/revisions\/4396"}],"wp:attachment":[{"href":"https:\/\/credito2023.cooptalks.com.br\/index.php\/wp-json\/wp\/v2\/media?parent=2856"}],"curies":[{"name":"wp","href":"https:\/\/api.w.org\/{rel}","templated":true}]}}