{"id":735,"date":"2018-09-11T08:30:26","date_gmt":"2018-09-11T08:30:26","guid":{"rendered":"http:\/\/logichunt.net\/demo\/wordpress\/emeet\/?page_id=735"},"modified":"2023-10-21T10:46:44","modified_gmt":"2023-10-21T13:46:44","slug":"contact-us","status":"publish","type":"page","link":"https:\/\/credito2023.cooptalks.com.br\/index.php\/contact-us\/","title":{"rendered":"Seja um patrocinador!"},"content":{"rendered":"[vc_row full_width=&#8221;stretch_row_content&#8221; enable_full_screen=&#8221;yes&#8221; el_class=&#8221;lgx-inner lgx-inner-topgap&#8221; css=&#8221;.vc_custom_1540626123021{background-position: center !important;background-repeat: no-repeat !important;background-size: cover !important;}&#8221;][vc_column][vc_single_image image=&#8221;3937&#8243; img_size=&#8221;600&#8243; alignment=&#8221;center&#8221; css_animation=&#8221;fadeIn&#8221;][vc_empty_space height=&#8221;25px&#8221;][vc_row_inner css=&#8221;.vc_custom_1540626337081{margin-bottom: -35px !important;}&#8221;][vc_column_inner width=&#8221;1\/6&#8243;][\/vc_column_inner][vc_column_inner width=&#8221;2\/3&#8243;]<div class=\"lgx-travelinfo-single vcx-travel-default  text-center travel-color-default\">\r\n                       <div class=\"lgx-travel-inner\">\r\n                          <img  class=\"travel-info-thumb\" src=\"https:\/\/credito2023.cooptalks.com.br\/wp-content\/uploads\/2018\/10\/paper-plane.png\" alt=\"Location\"\/>\r\n                            <h3 class=\"title\">SEJA UM PATROCINADOR!<\/h3>\r\n                            \r\n                            <p class=\"vcx-travel-content\"><b>Em 2023, o CoopTalks Cr\u00e9dito chega \u00e0 sua 4\u00aa edi\u00e7\u00e3o,<br \/>\ntrazendo ainda mais conte\u00fado, inova\u00e7\u00e3o e networking.<\/b><\/p>\n<p>&nbsp;<\/p>\n<p>Preparamos oportunidades imperd\u00edveis para sua empresa se comunicar diretamente com as cooperativas de cr\u00e9dito e interessados no setor.<br \/>\nQuer ser nosso patrocinador? Entre em contato:<\/p>\n<p>E-mail: <b>comercial@mundocoop.com.br<\/b><\/p>\n<p>Telefone: (11) <b>99187-7208<\/b><\/p>\r\n                        <\/div>\r\n                    <\/div>[\/vc_column_inner][vc_column_inner width=&#8221;1\/6&#8243;][\/vc_column_inner][\/vc_row_inner][vc_empty_space height=&#8221;25px&#8221;]<div id=\"vcx-section-countdown\" class=\"vcx-section-countdown lgx-countdown-circular section-countdown-align-center section-countdown-style-default  \"\r\n        data-date=\"2023\/10\/26 09:0:0\"\r\n        data-vday=\"DIAS\"\r\n        data-vhour=\"HORAS\" \r\n        data-vmin=\"MINUTOS\"\r\n        data-vsec=\"SEGUNDOS\"  \r\n        data-dcolor=\"#ec398b\"  \r\n        data-hcolor=\"#fac400\"  \r\n        data-mcolor=\"#00acee\"  \r\n        data-scolor=\"#483fa1\"  \r\n        data-cbgcolor=\"#dddddd\" \r\n        data-textcolor=\"#000000\"   \r\n        ><div id=\"vcx-countdown-circular\" class=\"lgx-countdown lgx-countdown-section\" data-date=\"2023\/10\/26 09:0:0\" style=\"color: #000000;\" ><\/div><\/div>[\/vc_column][\/vc_row][vc_row][vc_column]<div class=\"vcx-registration-area vcx-registration-type-about\" style = \"background: #153587 ;\">\r\n                <h3 class=\"lgx-form-title\">D\u00daVIDAS, SUGEST\u00d5ES OU COMENT\u00c1RIOS?<\/h3>\r\n                <div class=\"vcx-registration-form\">\r\n                 \n<div class=\"wpcf7 no-js\" id=\"wpcf7-f3942-o1\" lang=\"pt-BR\" dir=\"ltr\">\n<div class=\"screen-reader-response\"><p role=\"status\" aria-live=\"polite\" aria-atomic=\"true\"><\/p> <ul><\/ul><\/div>\n<form action=\"\/index.php\/wp-json\/wp\/v2\/pages\/735#wpcf7-f3942-o1\" method=\"post\" class=\"wpcf7-form init\" aria-label=\"Formul\u00e1rios de contato\" novalidate=\"novalidate\" data-status=\"init\">\n<div style=\"display: none;\">\n<input type=\"hidden\" name=\"_wpcf7\" value=\"3942\" \/>\n<input type=\"hidden\" name=\"_wpcf7_version\" value=\"5.8.1\" \/>\n<input type=\"hidden\" name=\"_wpcf7_locale\" value=\"pt_BR\" \/>\n<input type=\"hidden\" name=\"_wpcf7_unit_tag\" value=\"wpcf7-f3942-o1\" \/>\n<input type=\"hidden\" name=\"_wpcf7_container_post\" value=\"0\" \/>\n<input type=\"hidden\" name=\"_wpcf7_posted_data_hash\" value=\"\" \/>\n<\/div>\n<p><label> Seu nome<br \/>\n<span class=\"wpcf7-form-control-wrap\" data-name=\"your-name\"><input size=\"40\" class=\"wpcf7-form-control wpcf7-text wpcf7-validates-as-required\" autocomplete=\"name\" aria-required=\"true\" aria-invalid=\"false\" value=\"\" type=\"text\" name=\"your-name\" \/><\/span> <\/label>\n<\/p>\n<p><label> Seu e-mail<br \/>\n<span class=\"wpcf7-form-control-wrap\" data-name=\"your-email\"><input size=\"40\" class=\"wpcf7-form-control wpcf7-email wpcf7-validates-as-required wpcf7-text wpcf7-validates-as-email\" autocomplete=\"email\" aria-required=\"true\" aria-invalid=\"false\" value=\"\" type=\"email\" name=\"your-email\" \/><\/span> <\/label>\n<\/p>\n<p><label> Assunto<br \/>\n<span class=\"wpcf7-form-control-wrap\" data-name=\"your-subject\"><input size=\"40\" class=\"wpcf7-form-control wpcf7-text wpcf7-validates-as-required\" aria-required=\"true\" aria-invalid=\"false\" value=\"\" type=\"text\" name=\"your-subject\" \/><\/span> <\/label>\n<\/p>\n<p><label> Sua mensagem (opcional)<br \/>\n<span class=\"wpcf7-form-control-wrap\" data-name=\"your-message\"><textarea cols=\"40\" rows=\"10\" class=\"wpcf7-form-control wpcf7-textarea\" aria-invalid=\"false\" name=\"your-message\"><\/textarea><\/span> <\/label>\n<\/p>\n<p><input class=\"wpcf7-form-control wpcf7-submit has-spinner\" type=\"submit\" value=\"Enviar\" \/>\n<\/p><div class=\"wpcf7-response-output\" aria-hidden=\"true\"><\/div>\n<\/form>\n<\/div>\n\r\n                <\/div>\r\n            <\/div>[\/vc_column][\/vc_row][vc_row][vc_column width=&#8221;1\/4&#8243;][\/vc_column][vc_column width=&#8221;1\/2&#8243;][vc_empty_space height=&#8221;40px&#8221;]<div class=\"lgx-travelinfo-single vcx-travel-default  text-center travel-color-default\">\r\n                       <div class=\"lgx-travel-inner\">\r\n                          \r\n                            \r\n                            <p class=\"info\">REALIZA\u00c7\u00c3O<\/p>\r\n                            \r\n                        <\/div>\r\n                    <\/div><div class=\"lgx-about-img-sp vcx-special-image\"><img  class=\"vcx-sp-thumb\" src=\"https:\/\/credito2023.cooptalks.com.br\/wp-content\/uploads\/2023\/09\/LOGO_MUNDOCOOP_SLOGAN_HOR.png\" alt=\"Special Image\"\/><\/div>[vc_empty_space height=&#8221;20px&#8221;][\/vc_column][vc_column width=&#8221;1\/4&#8243;][\/vc_column][\/vc_row]\n","protected":false},"excerpt":{"rendered":"<p>[vc_row full_width=&#8221;stretch_row_content&#8221; enable_full_screen=&#8221;yes&#8221; el_class=&#8221;lgx-inner lgx-inner-topgap&#8221; css=&#8221;.vc_custom_1540626123021{background-position: center !important;background-repeat: no-repeat !important;background-size: cover !important;}&#8221;][vc_column][vc_single_image image=&#8221;3937&#8243; img_size=&#8221;600&#8243; alignment=&#8221;center&#8221; css_animation=&#8221;fadeIn&#8221;][vc_empty_space height=&#8221;25px&#8221;][vc_row_inner css=&#8221;.vc_custom_1540626337081{margin-bottom: -35px !important;}&#8221;][vc_column_inner width=&#8221;1\/6&#8243;][\/vc_column_inner][vc_column_inner width=&#8221;2\/3&#8243;][\/vc_column_inner][vc_column_inner width=&#8221;1\/6&#8243;][\/vc_column_inner][\/vc_row_inner][vc_empty_space height=&#8221;25px&#8221;][\/vc_column][\/vc_row][vc_row][vc_column][\/vc_column][\/vc_row][vc_row][vc_column width=&#8221;1\/4&#8243;][\/vc_column][vc_column width=&#8221;1\/2&#8243;][vc_empty_space height=&#8221;40px&#8221;][vc_empty_space height=&#8221;20px&#8221;][\/vc_column][vc_column width=&#8221;1\/4&#8243;][\/vc_column][\/vc_row]<\/p>\n","protected":false},"author":1,"featured_media":0,"parent":0,"menu_order":0,"comment_status":"closed","ping_status":"closed","template":"","meta":{"footnotes":""},"_links":{"self":[{"href":"https:\/\/credito2023.cooptalks.com.br\/index.php\/wp-json\/wp\/v2\/pages\/735"}],"collection":[{"href":"https:\/\/credito2023.cooptalks.com.br\/index.php\/wp-json\/wp\/v2\/pages"}],"about":[{"href":"https:\/\/credito2023.cooptalks.com.br\/index.php\/wp-json\/wp\/v2\/types\/page"}],"author":[{"embeddable":true,"href":"https:\/\/credito2023.cooptalks.com.br\/index.php\/wp-json\/wp\/v2\/users\/1"}],"replies":[{"embeddable":true,"href":"https:\/\/credito2023.cooptalks.com.br\/index.php\/wp-json\/wp\/v2\/comments?post=735"}],"version-history":[{"count":20,"href":"https:\/\/credito2023.cooptalks.com.br\/index.php\/wp-json\/wp\/v2\/pages\/735\/revisions"}],"predecessor-version":[{"id":4385,"href":"https:\/\/credito2023.cooptalks.com.br\/index.php\/wp-json\/wp\/v2\/pages\/735\/revisions\/4385"}],"wp:attachment":[{"href":"https:\/\/credito2023.cooptalks.com.br\/index.php\/wp-json\/wp\/v2\/media?parent=735"}],"curies":[{"name":"wp","href":"https:\/\/api.w.org\/{rel}","templated":true}]}}